{"id":62,"date":"2025-03-11T02:34:43","date_gmt":"2025-03-11T02:34:43","guid":{"rendered":"https:\/\/devandops.show\/?page_id=62"},"modified":"2025-11-24T09:28:48","modified_gmt":"2025-11-24T09:28:48","slug":"blog","status":"publish","type":"page","link":"https:\/\/devandops.show\/index.php\/blog\/","title":{"rendered":"Blog"},"content":{"rendered":"\n<div class=\"wp-block-query is-layout-flow wp-block-query-is-layout-flow\"><ul class=\"wp-block-post-template has-small-font-size is-layout-flow wp-block-post-template-is-layout-flow\"><li class=\"wp-block-post post-251 post type-post status-publish format-standard has-post-thumbnail hentry category-podcast\">\n\n<div class=\"wp-block-columns alignwide is-layout-flex wp-container-core-columns-is-layout-9d6595d7 wp-block-columns-is-layout-flex\">\n<div class=\"wp-block-column is-layout-flow wp-block-column-is-layout-flow\" style=\"flex-basis:66.66%\"><figure class=\"wp-block-post-featured-image\"><a href=\"https:\/\/devandops.show\/index.php\/el-arte-de-configurar-alertas-devops-sin-ruido-innecesario\/\" target=\"_self\"  ><img loading=\"lazy\" decoding=\"async\" width=\"1280\" height=\"720\" src=\"https:\/\/cdn.devandops.show\/uploads\/2025\/09\/EP24YoutubeThumbnail.png\" class=\"attachment-full size-full wp-post-image\" alt=\"El arte de configurar alertas: DevOps sin ruido innecesario\" style=\"object-fit:cover;\" srcset=\"https:\/\/cdn.devandops.show\/uploads\/2025\/09\/EP24YoutubeThumbnail.png 1280w, https:\/\/cdn.devandops.show\/uploads\/2025\/09\/EP24YoutubeThumbnail-300x169.png 300w, https:\/\/cdn.devandops.show\/uploads\/2025\/09\/EP24YoutubeThumbnail-1024x576.png 1024w, https:\/\/cdn.devandops.show\/uploads\/2025\/09\/EP24YoutubeThumbnail-768x432.png 768w\" sizes=\"auto, (max-width: 1280px) 100vw, 1280px\" \/><\/a><\/figure><\/div>\n\n\n\n<div class=\"wp-block-column is-layout-flow wp-block-column-is-layout-flow\" style=\"flex-basis:33.33%\"><h2 class=\"wp-block-post-title\"><a href=\"https:\/\/devandops.show\/index.php\/el-arte-de-configurar-alertas-devops-sin-ruido-innecesario\/\" target=\"_self\" >El arte de configurar alertas: DevOps sin ruido innecesario<\/a><\/h2>\n\n<div class=\"wp-block-post-excerpt\"><p class=\"wp-block-post-excerpt__excerpt\">En este episodio de\u00a0Dev&#038;Ops, Douglas y Juan ponen el foco en un tema cr\u00edtico para cualquier ingeniero de sistemas, SRE o DevOps:\u00a0c\u00f3mo configurar alertas de manera eficiente. Hablamos de las mejores pr\u00e1cticas para evitar el famoso\u00a0alert fatigue, c\u00f3mo diferenciar entre\u00a0alertas cr\u00edticas, warning e informativas, y la importancia de dise\u00f1ar alertas que realmente aporten valor. Si&hellip;<\/p><p class=\"wp-block-post-excerpt__more-text\"><a class=\"wp-block-post-excerpt__more-link\" href=\"https:\/\/devandops.show\/index.php\/el-arte-de-configurar-alertas-devops-sin-ruido-innecesario\/\">Leer m\u00e1s<\/a><\/p><\/div><\/div>\n<\/div>\n\n<\/li><li class=\"wp-block-post post-248 post type-post status-publish format-standard has-post-thumbnail hentry category-podcast\">\n\n<div class=\"wp-block-columns alignwide is-layout-flex wp-container-core-columns-is-layout-9d6595d7 wp-block-columns-is-layout-flex\">\n<div class=\"wp-block-column is-layout-flow wp-block-column-is-layout-flow\" style=\"flex-basis:66.66%\"><figure class=\"wp-block-post-featured-image\"><a href=\"https:\/\/devandops.show\/index.php\/es-serverless-la-solucion-magica-o-un-problema-costoso%f0%9f%a7%99%e2%99%82%ef%b8%8f%f0%9f%92%b8\/\" target=\"_self\"  ><img loading=\"lazy\" decoding=\"async\" width=\"1280\" height=\"720\" src=\"https:\/\/cdn.devandops.show\/uploads\/2025\/09\/DevOpsEP23Thumbnail.jpg\" class=\"attachment-full size-full wp-post-image\" alt=\"\u00bfEs Serverless La soluci\u00f3n m\u00e1gica o un problema costoso?\ud83e\uddd9\u200d\u2642\ufe0f\ud83d\udcb8\" style=\"object-fit:cover;\" srcset=\"https:\/\/cdn.devandops.show\/uploads\/2025\/09\/DevOpsEP23Thumbnail.jpg 1280w, https:\/\/cdn.devandops.show\/uploads\/2025\/09\/DevOpsEP23Thumbnail-300x169.jpg 300w, https:\/\/cdn.devandops.show\/uploads\/2025\/09\/DevOpsEP23Thumbnail-1024x576.jpg 1024w, https:\/\/cdn.devandops.show\/uploads\/2025\/09\/DevOpsEP23Thumbnail-768x432.jpg 768w\" sizes=\"auto, (max-width: 1280px) 100vw, 1280px\" \/><\/a><\/figure><\/div>\n\n\n\n<div class=\"wp-block-column is-layout-flow wp-block-column-is-layout-flow\" style=\"flex-basis:33.33%\"><h2 class=\"wp-block-post-title\"><a href=\"https:\/\/devandops.show\/index.php\/es-serverless-la-solucion-magica-o-un-problema-costoso%f0%9f%a7%99%e2%99%82%ef%b8%8f%f0%9f%92%b8\/\" target=\"_self\" >\u00bfEs Serverless La soluci\u00f3n m\u00e1gica o un problema costoso?\ud83e\uddd9\u200d\u2642\ufe0f\ud83d\udcb8<\/a><\/h2>\n\n<div class=\"wp-block-post-excerpt\"><p class=\"wp-block-post-excerpt__excerpt\">En este episodio de Dev&#038;Ops, Juan y Douglas se sumergen en el mundo de Serverless. \u00bfEs realmente la panacea que nos ahorra la gesti\u00f3n de servidores o una trampa de costos y dependencia tecnol\u00f3gica? Analizamos sus ventajas para desarrolladores, los peligros del &#8220;vendor locking&#8221; y cu\u00e1ndo podr\u00eda ser el momento de migrar a otra arquitectura.\u00a0&hellip;<\/p><p class=\"wp-block-post-excerpt__more-text\"><a class=\"wp-block-post-excerpt__more-link\" href=\"https:\/\/devandops.show\/index.php\/es-serverless-la-solucion-magica-o-un-problema-costoso%f0%9f%a7%99%e2%99%82%ef%b8%8f%f0%9f%92%b8\/\">Leer m\u00e1s<\/a><\/p><\/div><\/div>\n<\/div>\n\n<\/li><li class=\"wp-block-post post-245 post type-post status-publish format-standard has-post-thumbnail hentry category-podcast\">\n\n<div class=\"wp-block-columns alignwide is-layout-flex wp-container-core-columns-is-layout-9d6595d7 wp-block-columns-is-layout-flex\">\n<div class=\"wp-block-column is-layout-flow wp-block-column-is-layout-flow\" style=\"flex-basis:66.66%\"><figure class=\"wp-block-post-featured-image\"><a href=\"https:\/\/devandops.show\/index.php\/de-developer-a-sre-las-habilidades-esenciales-que-debes-dominar\/\" target=\"_self\"  ><img loading=\"lazy\" decoding=\"async\" width=\"1280\" height=\"720\" src=\"https:\/\/cdn.devandops.show\/uploads\/2025\/09\/DevOpsEP22Thumbnail.jpg\" class=\"attachment-full size-full wp-post-image\" alt=\"De Developer a SRE: Las Habilidades Esenciales que Debes Dominar\" style=\"object-fit:cover;\" srcset=\"https:\/\/cdn.devandops.show\/uploads\/2025\/09\/DevOpsEP22Thumbnail.jpg 1280w, https:\/\/cdn.devandops.show\/uploads\/2025\/09\/DevOpsEP22Thumbnail-300x169.jpg 300w, https:\/\/cdn.devandops.show\/uploads\/2025\/09\/DevOpsEP22Thumbnail-1024x576.jpg 1024w, https:\/\/cdn.devandops.show\/uploads\/2025\/09\/DevOpsEP22Thumbnail-768x432.jpg 768w\" sizes=\"auto, (max-width: 1280px) 100vw, 1280px\" \/><\/a><\/figure><\/div>\n\n\n\n<div class=\"wp-block-column is-layout-flow wp-block-column-is-layout-flow\" style=\"flex-basis:33.33%\"><h2 class=\"wp-block-post-title\"><a href=\"https:\/\/devandops.show\/index.php\/de-developer-a-sre-las-habilidades-esenciales-que-debes-dominar\/\" target=\"_self\" >De Developer a SRE: Las Habilidades Esenciales que Debes Dominar<\/a><\/h2>\n\n<div class=\"wp-block-post-excerpt\"><p class=\"wp-block-post-excerpt__excerpt\">Quieres dar el salto de desarrollador a Ingeniero de Fiabilidad de Sitios (SRE) pero no sabes por d\u00f3nde empezar? En este episodio, te damos la hoja de ruta completa. Hablamos de las competencias t\u00e9cnicas cruciales que todo SRE necesita: desde los fundamentos de Linux y redes , hasta el dominio de contenedores como Docker y&hellip;<\/p><p class=\"wp-block-post-excerpt__more-text\"><a class=\"wp-block-post-excerpt__more-link\" href=\"https:\/\/devandops.show\/index.php\/de-developer-a-sre-las-habilidades-esenciales-que-debes-dominar\/\">Leer m\u00e1s<\/a><\/p><\/div><\/div>\n<\/div>\n\n<\/li><li class=\"wp-block-post post-242 post type-post status-publish format-standard has-post-thumbnail hentry category-podcast\">\n\n<div class=\"wp-block-columns alignwide is-layout-flex wp-container-core-columns-is-layout-9d6595d7 wp-block-columns-is-layout-flex\">\n<div class=\"wp-block-column is-layout-flow wp-block-column-is-layout-flow\" style=\"flex-basis:66.66%\"><figure class=\"wp-block-post-featured-image\"><a href=\"https:\/\/devandops.show\/index.php\/%e2%9a%94%ef%b8%8f-cli-vs-gui-en-devops-cual-es-mejor-y-cuando-usar-cada-uno\/\" target=\"_self\"  ><img loading=\"lazy\" decoding=\"async\" width=\"1280\" height=\"720\" src=\"https:\/\/cdn.devandops.show\/uploads\/2025\/09\/EP21YoutubeThumbnail.png\" class=\"attachment-full size-full wp-post-image\" alt=\"\u2694\ufe0f CLI vs GUI en DevOps: \u00bfCu\u00e1l es mejor y cu\u00e1ndo usar cada uno?\" style=\"object-fit:cover;\" srcset=\"https:\/\/cdn.devandops.show\/uploads\/2025\/09\/EP21YoutubeThumbnail.png 1280w, https:\/\/cdn.devandops.show\/uploads\/2025\/09\/EP21YoutubeThumbnail-300x169.png 300w, https:\/\/cdn.devandops.show\/uploads\/2025\/09\/EP21YoutubeThumbnail-1024x576.png 1024w, https:\/\/cdn.devandops.show\/uploads\/2025\/09\/EP21YoutubeThumbnail-768x432.png 768w\" sizes=\"auto, (max-width: 1280px) 100vw, 1280px\" \/><\/a><\/figure><\/div>\n\n\n\n<div class=\"wp-block-column is-layout-flow wp-block-column-is-layout-flow\" style=\"flex-basis:33.33%\"><h2 class=\"wp-block-post-title\"><a href=\"https:\/\/devandops.show\/index.php\/%e2%9a%94%ef%b8%8f-cli-vs-gui-en-devops-cual-es-mejor-y-cuando-usar-cada-uno\/\" target=\"_self\" >\u2694\ufe0f CLI vs GUI en DevOps: \u00bfCu\u00e1l es mejor y cu\u00e1ndo usar cada uno?<\/a><\/h2>\n\n<div class=\"wp-block-post-excerpt\"><p class=\"wp-block-post-excerpt__excerpt\">En este episodio, Douglas y Juan se adentran en un debate cl\u00e1sico en el mundo de la tecnolog\u00eda:\u00a0CLI (Command Line Interface) vs GUI (Graphical User Interface), pero desde la perspectiva de la\u00a0cultura DevOps. Analizamos ventajas, desventajas, casos de uso, ejemplos reales y c\u00f3mo estas herramientas impactan en la productividad de desarrolladores, sysadmins e &#8220;ingenieros DevOps&#8221;.<\/p><p class=\"wp-block-post-excerpt__more-text\"><a class=\"wp-block-post-excerpt__more-link\" href=\"https:\/\/devandops.show\/index.php\/%e2%9a%94%ef%b8%8f-cli-vs-gui-en-devops-cual-es-mejor-y-cuando-usar-cada-uno\/\">Leer m\u00e1s<\/a><\/p><\/div><\/div>\n<\/div>\n\n<\/li><li class=\"wp-block-post post-239 post type-post status-publish format-standard has-post-thumbnail hentry category-podcast\">\n\n<div class=\"wp-block-columns alignwide is-layout-flex wp-container-core-columns-is-layout-9d6595d7 wp-block-columns-is-layout-flex\">\n<div class=\"wp-block-column is-layout-flow wp-block-column-is-layout-flow\" style=\"flex-basis:66.66%\"><figure class=\"wp-block-post-featured-image\"><a href=\"https:\/\/devandops.show\/index.php\/la-deuda-tecnica-que-es-como-surge-y-estrategias-para-controlarla\/\" target=\"_self\"  ><img loading=\"lazy\" decoding=\"async\" width=\"1280\" height=\"720\" src=\"https:\/\/cdn.devandops.show\/uploads\/2025\/09\/DevOpsEP20Thumbnail.jpg\" class=\"attachment-full size-full wp-post-image\" alt=\"La Deuda T\u00e9cnica: Qu\u00e9 Es, C\u00f3mo Surge y Estrategias para Controlarla\" style=\"object-fit:cover;\" srcset=\"https:\/\/cdn.devandops.show\/uploads\/2025\/09\/DevOpsEP20Thumbnail.jpg 1280w, https:\/\/cdn.devandops.show\/uploads\/2025\/09\/DevOpsEP20Thumbnail-300x169.jpg 300w, https:\/\/cdn.devandops.show\/uploads\/2025\/09\/DevOpsEP20Thumbnail-1024x576.jpg 1024w, https:\/\/cdn.devandops.show\/uploads\/2025\/09\/DevOpsEP20Thumbnail-768x432.jpg 768w\" sizes=\"auto, (max-width: 1280px) 100vw, 1280px\" \/><\/a><\/figure><\/div>\n\n\n\n<div class=\"wp-block-column is-layout-flow wp-block-column-is-layout-flow\" style=\"flex-basis:33.33%\"><h2 class=\"wp-block-post-title\"><a href=\"https:\/\/devandops.show\/index.php\/la-deuda-tecnica-que-es-como-surge-y-estrategias-para-controlarla\/\" target=\"_self\" >La Deuda T\u00e9cnica: Qu\u00e9 Es, C\u00f3mo Surge y Estrategias para Controlarla<\/a><\/h2>\n\n<div class=\"wp-block-post-excerpt\"><p class=\"wp-block-post-excerpt__excerpt\">&#8220;Si funciona, no lo toques&#8221;&#8230; \u00bfo s\u00ed? En este episodio de Dev&#038;Ops, Juan y Douglas se sumergen en uno de los enemigos m\u00e1s silenciosos y persistentes de cualquier proyecto: la deuda t\u00e9cnica. Descubre que la deuda t\u00e9cnica es mucho m\u00e1s que c\u00f3digo mal escrito. Es una deuda que crece con intereses y que, si no&hellip;<\/p><p class=\"wp-block-post-excerpt__more-text\"><a class=\"wp-block-post-excerpt__more-link\" href=\"https:\/\/devandops.show\/index.php\/la-deuda-tecnica-que-es-como-surge-y-estrategias-para-controlarla\/\">Leer m\u00e1s<\/a><\/p><\/div><\/div>\n<\/div>\n\n<\/li><li class=\"wp-block-post post-235 post type-post status-publish format-standard has-post-thumbnail hentry category-podcast\">\n\n<div class=\"wp-block-columns alignwide is-layout-flex wp-container-core-columns-is-layout-9d6595d7 wp-block-columns-is-layout-flex\">\n<div class=\"wp-block-column is-layout-flow wp-block-column-is-layout-flow\" style=\"flex-basis:66.66%\"><figure class=\"wp-block-post-featured-image\"><a href=\"https:\/\/devandops.show\/index.php\/el-ingles-que-realmente-necesitas-para-conseguir-trabajo-en-it-remoto\/\" target=\"_self\"  ><img loading=\"lazy\" decoding=\"async\" width=\"1280\" height=\"720\" src=\"https:\/\/cdn.devandops.show\/uploads\/2025\/07\/EP19YoutubeThumbnails.png\" class=\"attachment-full size-full wp-post-image\" alt=\"El ingl\u00e9s que realmente necesit\u00e1s para conseguir trabajo en IT remoto\" style=\"object-fit:cover;\" srcset=\"https:\/\/cdn.devandops.show\/uploads\/2025\/07\/EP19YoutubeThumbnails.png 1280w, https:\/\/cdn.devandops.show\/uploads\/2025\/07\/EP19YoutubeThumbnails-300x169.png 300w, https:\/\/cdn.devandops.show\/uploads\/2025\/07\/EP19YoutubeThumbnails-1024x576.png 1024w, https:\/\/cdn.devandops.show\/uploads\/2025\/07\/EP19YoutubeThumbnails-768x432.png 768w\" sizes=\"auto, (max-width: 1280px) 100vw, 1280px\" \/><\/a><\/figure><\/div>\n\n\n\n<div class=\"wp-block-column is-layout-flow wp-block-column-is-layout-flow\" style=\"flex-basis:33.33%\"><h2 class=\"wp-block-post-title\"><a href=\"https:\/\/devandops.show\/index.php\/el-ingles-que-realmente-necesitas-para-conseguir-trabajo-en-it-remoto\/\" target=\"_self\" >El ingl\u00e9s que realmente necesit\u00e1s para conseguir trabajo en IT remoto<\/a><\/h2>\n\n<div class=\"wp-block-post-excerpt\"><p class=\"wp-block-post-excerpt__excerpt\">En este episodio de Dev&#038;Ops, Douglas y Juan abordan sin filtros una de las preguntas m\u00e1s comunes para quienes quieren trabajar en IT de forma remota desde Latinoam\u00e9rica: \u00bfqu\u00e9 nivel de ingl\u00e9s realmente se necesita? Con an\u00e9cdotas personales, experiencias reales en entrevistas internacionales y consejos pr\u00e1cticos, este episodio rompe mitos y ofrece una gu\u00eda honesta&hellip;<\/p><p class=\"wp-block-post-excerpt__more-text\"><a class=\"wp-block-post-excerpt__more-link\" href=\"https:\/\/devandops.show\/index.php\/el-ingles-que-realmente-necesitas-para-conseguir-trabajo-en-it-remoto\/\">Leer m\u00e1s<\/a><\/p><\/div><\/div>\n<\/div>\n\n<\/li><li class=\"wp-block-post post-231 post type-post status-publish format-standard has-post-thumbnail hentry category-podcast\">\n\n<div class=\"wp-block-columns alignwide is-layout-flex wp-container-core-columns-is-layout-9d6595d7 wp-block-columns-is-layout-flex\">\n<div class=\"wp-block-column is-layout-flow wp-block-column-is-layout-flow\" style=\"flex-basis:66.66%\"><figure class=\"wp-block-post-featured-image\"><a href=\"https:\/\/devandops.show\/index.php\/disenando-software-que-perdura-lecciones-de-rob-pike-el-creador-de-go\/\" target=\"_self\"  ><img loading=\"lazy\" decoding=\"async\" width=\"1280\" height=\"720\" src=\"https:\/\/cdn.devandops.show\/uploads\/2025\/07\/DevOpsEP18Thumbnail.webp\" class=\"attachment-full size-full wp-post-image\" alt=\"Dise\u00f1ando Software que Perdura: Lecciones de Rob Pike, el creador de Go\" style=\"object-fit:cover;\" srcset=\"https:\/\/cdn.devandops.show\/uploads\/2025\/07\/DevOpsEP18Thumbnail.webp 1280w, https:\/\/cdn.devandops.show\/uploads\/2025\/07\/DevOpsEP18Thumbnail-300x169.webp 300w, https:\/\/cdn.devandops.show\/uploads\/2025\/07\/DevOpsEP18Thumbnail-1024x576.webp 1024w, https:\/\/cdn.devandops.show\/uploads\/2025\/07\/DevOpsEP18Thumbnail-768x432.webp 768w\" sizes=\"auto, (max-width: 1280px) 100vw, 1280px\" \/><\/a><\/figure><\/div>\n\n\n\n<div class=\"wp-block-column is-layout-flow wp-block-column-is-layout-flow\" style=\"flex-basis:33.33%\"><h2 class=\"wp-block-post-title\"><a href=\"https:\/\/devandops.show\/index.php\/disenando-software-que-perdura-lecciones-de-rob-pike-el-creador-de-go\/\" target=\"_self\" >Dise\u00f1ando Software que Perdura: Lecciones de Rob Pike, el creador de Go<\/a><\/h2>\n\n<div class=\"wp-block-post-excerpt\"><p class=\"wp-block-post-excerpt__excerpt\">En este episodio, discutimos una charla de Rob Pike, uno de los creadores del lenguaje de programaci\u00f3n Go. A lo largo de la conversaci\u00f3n, exploramos temas como la importancia de la planificaci\u00f3n y la mejora continua en el desarrollo de software, el dise\u00f1o intencional, y la promesa de compatibilidad que Go ofrece. En esta conversaci\u00f3n,&hellip;<\/p><p class=\"wp-block-post-excerpt__more-text\"><a class=\"wp-block-post-excerpt__more-link\" href=\"https:\/\/devandops.show\/index.php\/disenando-software-que-perdura-lecciones-de-rob-pike-el-creador-de-go\/\">Leer m\u00e1s<\/a><\/p><\/div><\/div>\n<\/div>\n\n<\/li><li class=\"wp-block-post post-228 post type-post status-publish format-standard has-post-thumbnail hentry category-podcast\">\n\n<div class=\"wp-block-columns alignwide is-layout-flex wp-container-core-columns-is-layout-9d6595d7 wp-block-columns-is-layout-flex\">\n<div class=\"wp-block-column is-layout-flow wp-block-column-is-layout-flow\" style=\"flex-basis:66.66%\"><figure class=\"wp-block-post-featured-image\"><a href=\"https:\/\/devandops.show\/index.php\/sre-devops-cloud-platform-engineer-cual-es-la-diferencia-real\/\" target=\"_self\"  ><img loading=\"lazy\" decoding=\"async\" width=\"1280\" height=\"720\" src=\"https:\/\/cdn.devandops.show\/uploads\/2025\/07\/EP17YoutubeThumbnails.png\" class=\"attachment-full size-full wp-post-image\" alt=\"SRE, DevOps, Cloud &amp; Platform Engineer: \u00bfCu\u00e1l es la diferencia real?\" style=\"object-fit:cover;\" srcset=\"https:\/\/cdn.devandops.show\/uploads\/2025\/07\/EP17YoutubeThumbnails.png 1280w, https:\/\/cdn.devandops.show\/uploads\/2025\/07\/EP17YoutubeThumbnails-300x169.png 300w, https:\/\/cdn.devandops.show\/uploads\/2025\/07\/EP17YoutubeThumbnails-1024x576.png 1024w, https:\/\/cdn.devandops.show\/uploads\/2025\/07\/EP17YoutubeThumbnails-768x432.png 768w\" sizes=\"auto, (max-width: 1280px) 100vw, 1280px\" \/><\/a><\/figure><\/div>\n\n\n\n<div class=\"wp-block-column is-layout-flow wp-block-column-is-layout-flow\" style=\"flex-basis:33.33%\"><h2 class=\"wp-block-post-title\"><a href=\"https:\/\/devandops.show\/index.php\/sre-devops-cloud-platform-engineer-cual-es-la-diferencia-real\/\" target=\"_self\" >SRE, DevOps, Cloud &amp; Platform Engineer: \u00bfCu\u00e1l es la diferencia real?<\/a><\/h2>\n\n<div class=\"wp-block-post-excerpt\"><p class=\"wp-block-post-excerpt__excerpt\">En este episodio especial de Dev&#038;Ops, Douglas aborda en solitario un tema clave para cualquier profesional en sistemas, operaciones o desarrollo: \u00bfQu\u00e9 hacen realmente un SRE, un DevOps Engineer, un Cloud Engineer y un Platform Engineer? Con a\u00f1os de experiencia en infraestructura y cultura DevOps, Douglas nos gu\u00eda por la evoluci\u00f3n de estos roles, c\u00f3mo&hellip;<\/p><p class=\"wp-block-post-excerpt__more-text\"><a class=\"wp-block-post-excerpt__more-link\" href=\"https:\/\/devandops.show\/index.php\/sre-devops-cloud-platform-engineer-cual-es-la-diferencia-real\/\">Leer m\u00e1s<\/a><\/p><\/div><\/div>\n<\/div>\n\n<\/li><li class=\"wp-block-post post-224 post type-post status-publish format-standard has-post-thumbnail hentry category-podcast\">\n\n<div class=\"wp-block-columns alignwide is-layout-flex wp-container-core-columns-is-layout-9d6595d7 wp-block-columns-is-layout-flex\">\n<div class=\"wp-block-column is-layout-flow wp-block-column-is-layout-flow\" style=\"flex-basis:66.66%\"><figure class=\"wp-block-post-featured-image\"><a href=\"https:\/\/devandops.show\/index.php\/de-cara-al-fracaso-estrategias-para-levantarse-mas-fuerte-en-tech\/\" target=\"_self\"  ><img loading=\"lazy\" decoding=\"async\" width=\"1280\" height=\"720\" src=\"https:\/\/cdn.devandops.show\/uploads\/2025\/07\/DevOpsEP16Thumbnail.jpg\" class=\"attachment-full size-full wp-post-image\" alt=\"De Cara al Fracaso: Estrategias para Levantarse M\u00e1s Fuerte en Tech\" style=\"object-fit:cover;\" srcset=\"https:\/\/cdn.devandops.show\/uploads\/2025\/07\/DevOpsEP16Thumbnail.jpg 1280w, https:\/\/cdn.devandops.show\/uploads\/2025\/07\/DevOpsEP16Thumbnail-300x169.jpg 300w, https:\/\/cdn.devandops.show\/uploads\/2025\/07\/DevOpsEP16Thumbnail-1024x576.jpg 1024w, https:\/\/cdn.devandops.show\/uploads\/2025\/07\/DevOpsEP16Thumbnail-768x432.jpg 768w\" sizes=\"auto, (max-width: 1280px) 100vw, 1280px\" \/><\/a><\/figure><\/div>\n\n\n\n<div class=\"wp-block-column is-layout-flow wp-block-column-is-layout-flow\" style=\"flex-basis:33.33%\"><h2 class=\"wp-block-post-title\"><a href=\"https:\/\/devandops.show\/index.php\/de-cara-al-fracaso-estrategias-para-levantarse-mas-fuerte-en-tech\/\" target=\"_self\" >De Cara al Fracaso: Estrategias para Levantarse M\u00e1s Fuerte en Tech<\/a><\/h2>\n\n<div class=\"wp-block-post-excerpt\"><p class=\"wp-block-post-excerpt__excerpt\">En este episodio de Dev&#038;Ops, Juan y Douglas abordan un tema universal y, a menudo, doloroso en el mundo de la tecnolog\u00eda: los fracasos y los errores. Desde los peque\u00f1os fallos hasta los grandes problemas que impactan a equipos enteros, exploramos c\u00f3mo afrontar esas situaciones dif\u00edciles que, lamentablemente, son parte de nuestro camino. Hablamos sobre&hellip;<\/p><p class=\"wp-block-post-excerpt__more-text\"><a class=\"wp-block-post-excerpt__more-link\" href=\"https:\/\/devandops.show\/index.php\/de-cara-al-fracaso-estrategias-para-levantarse-mas-fuerte-en-tech\/\">Leer m\u00e1s<\/a><\/p><\/div><\/div>\n<\/div>\n\n<\/li><li class=\"wp-block-post post-221 post type-post status-publish format-standard has-post-thumbnail hentry category-podcast\">\n\n<div class=\"wp-block-columns alignwide is-layout-flex wp-container-core-columns-is-layout-9d6595d7 wp-block-columns-is-layout-flex\">\n<div class=\"wp-block-column is-layout-flow wp-block-column-is-layout-flow\" style=\"flex-basis:66.66%\"><figure class=\"wp-block-post-featured-image\"><a href=\"https:\/\/devandops.show\/index.php\/como-colaborar-efectivamente-en-equipos-tecnicos\/\" target=\"_self\"  ><img loading=\"lazy\" decoding=\"async\" width=\"1280\" height=\"720\" src=\"https:\/\/cdn.devandops.show\/uploads\/2025\/06\/EP15YoutubeThumbnail.png\" class=\"attachment-full size-full wp-post-image\" alt=\"C\u00f3mo colaborar efectivamente en equipos t\u00e9cnicos\" style=\"object-fit:cover;\" srcset=\"https:\/\/cdn.devandops.show\/uploads\/2025\/06\/EP15YoutubeThumbnail.png 1280w, https:\/\/cdn.devandops.show\/uploads\/2025\/06\/EP15YoutubeThumbnail-300x169.png 300w, https:\/\/cdn.devandops.show\/uploads\/2025\/06\/EP15YoutubeThumbnail-1024x576.png 1024w, https:\/\/cdn.devandops.show\/uploads\/2025\/06\/EP15YoutubeThumbnail-768x432.png 768w\" sizes=\"auto, (max-width: 1280px) 100vw, 1280px\" \/><\/a><\/figure><\/div>\n\n\n\n<div class=\"wp-block-column is-layout-flow wp-block-column-is-layout-flow\" style=\"flex-basis:33.33%\"><h2 class=\"wp-block-post-title\"><a href=\"https:\/\/devandops.show\/index.php\/como-colaborar-efectivamente-en-equipos-tecnicos\/\" target=\"_self\" >C\u00f3mo colaborar efectivamente en equipos t\u00e9cnicos<\/a><\/h2>\n\n<div class=\"wp-block-post-excerpt\"><p class=\"wp-block-post-excerpt__excerpt\">En este episodio, Douglas y Juan discuten la importancia de la colaboraci\u00f3n efectiva en proyectos de desarrollo, abordando temas como la fricci\u00f3n necesaria en el trabajo en equipo, la definici\u00f3n de estrategias de control de versiones, la relevancia del code review, la importancia de la documentaci\u00f3n en pull requests y la necesidad de establecer escenarios&hellip;<\/p><p class=\"wp-block-post-excerpt__more-text\"><a class=\"wp-block-post-excerpt__more-link\" href=\"https:\/\/devandops.show\/index.php\/como-colaborar-efectivamente-en-equipos-tecnicos\/\">Leer m\u00e1s<\/a><\/p><\/div><\/div>\n<\/div>\n\n<\/li><\/ul>\n\n<nav class=\"navigation pagination wp-block-query-pagination is-layout-flex wp-block-query-pagination-is-layout-flex\" aria-label=\"Pagination\">\n\n\n<div class=\"page-numbers wp-block-query-pagination-numbers\"><span aria-current=\"page\" class=\"page-numbers current\">1<\/span>\n<a class=\"page-numbers\" href=\"?query-34-page=2\">2<\/a>\n<a class=\"page-numbers\" href=\"?query-34-page=3\">3<\/a><\/div>\n\n<a href=\"\/index.php\/wp-json\/wp\/v2\/pages\/62?query-34-page=2\" class=\"next page-numbers wp-block-query-pagination-next\">Next Page<\/a>\n<\/nav><\/div>\n","protected":false},"excerpt":{"rendered":"","protected":false},"author":1,"featured_media":63,"parent":0,"menu_order":0,"comment_status":"closed","ping_status":"closed","template":"page-templates\/fullwidth.php","meta":{"footnotes":""},"class_list":["post-62","page","type-page","status-publish","has-post-thumbnail","hentry"],"_links":{"self":[{"href":"https:\/\/devandops.show\/index.php\/wp-json\/wp\/v2\/pages\/62","targetHints":{"allow":["GET"]}}],"collection":[{"href":"https:\/\/devandops.show\/index.php\/wp-json\/wp\/v2\/pages"}],"about":[{"href":"https:\/\/devandops.show\/index.php\/wp-json\/wp\/v2\/types\/page"}],"author":[{"embeddable":true,"href":"https:\/\/devandops.show\/index.php\/wp-json\/wp\/v2\/users\/1"}],"replies":[{"embeddable":true,"href":"https:\/\/devandops.show\/index.php\/wp-json\/wp\/v2\/comments?post=62"}],"version-history":[{"count":20,"href":"https:\/\/devandops.show\/index.php\/wp-json\/wp\/v2\/pages\/62\/revisions"}],"predecessor-version":[{"id":286,"href":"https:\/\/devandops.show\/index.php\/wp-json\/wp\/v2\/pages\/62\/revisions\/286"}],"wp:featuredmedia":[{"embeddable":true,"href":"https:\/\/devandops.show\/index.php\/wp-json\/wp\/v2\/media\/63"}],"wp:attachment":[{"href":"https:\/\/devandops.show\/index.php\/wp-json\/wp\/v2\/media?parent=62"}],"curies":[{"name":"wp","href":"https:\/\/api.w.org\/{rel}","templated":true}]}}