{"id":53,"date":"2025-03-11T02:20:38","date_gmt":"2025-03-11T02:20:38","guid":{"rendered":"https:\/\/devandops.show\/?page_id=53"},"modified":"2025-03-26T00:39:01","modified_gmt":"2025-03-26T00:39:01","slug":"acerca-del-podcast","status":"publish","type":"page","link":"https:\/\/devandops.show\/index.php\/acerca-del-podcast\/","title":{"rendered":"Acerca del Podcast"},"content":{"rendered":"\n<figure class=\"wp-block-image size-large\"><img loading=\"lazy\" decoding=\"async\" width=\"1024\" height=\"1024\" src=\"https:\/\/cdn.devandops.show\/uploads\/2025\/03\/DevOpsPoscastCover-1500x1500-1-1024x1024.png\" alt=\"\" class=\"wp-image-42\" srcset=\"https:\/\/cdn.devandops.show\/uploads\/2025\/03\/DevOpsPoscastCover-1500x1500-1-1024x1024.png 1024w, https:\/\/cdn.devandops.show\/uploads\/2025\/03\/DevOpsPoscastCover-1500x1500-1-300x300.png 300w, https:\/\/cdn.devandops.show\/uploads\/2025\/03\/DevOpsPoscastCover-1500x1500-1-150x150.png 150w, https:\/\/cdn.devandops.show\/uploads\/2025\/03\/DevOpsPoscastCover-1500x1500-1-768x768.png 768w, https:\/\/cdn.devandops.show\/uploads\/2025\/03\/DevOpsPoscastCover-1500x1500-1-410x410.png 410w, https:\/\/cdn.devandops.show\/uploads\/2025\/03\/DevOpsPoscastCover-1500x1500-1.png 1500w\" sizes=\"auto, (max-width: 1024px) 100vw, 1024px\" \/><\/figure>\n\n\n\n<p>Dev&amp;Ops es el espacio donde hablamos de cultura tech, compartimos an\u00e9cdotas reales y damos consejos pr\u00e1cticos para todo entusiasta del mundo del desarrollo y la tecnolog\u00eda. Acomp\u00e1\u00f1anos a descubrir las \u00faltimas tendencias, aprender de nuestras experiencias y recibir tips que te ayudar\u00e1n a destacar en este entorno digital en constante evoluci\u00f3n.<\/p>\n\n\n\n<h2 class=\"wp-block-heading\">Anfitriones<\/h2>\n\n\n\n<p><\/p>\n","protected":false},"excerpt":{"rendered":"<p>Dev&amp;Ops es el espacio donde hablamos de cultura tech, compartimos an\u00e9cdotas reales y damos consejos pr\u00e1cticos para todo entusiasta del mundo del desarrollo y la tecnolog\u00eda. Acomp\u00e1\u00f1anos a descubrir las [&hellip;]<\/p>\n","protected":false},"author":1,"featured_media":54,"parent":0,"menu_order":0,"comment_status":"closed","ping_status":"closed","template":"","meta":{"footnotes":""},"class_list":["post-53","page","type-page","status-publish","has-post-thumbnail","hentry"],"_links":{"self":[{"href":"https:\/\/devandops.show\/index.php\/wp-json\/wp\/v2\/pages\/53","targetHints":{"allow":["GET"]}}],"collection":[{"href":"https:\/\/devandops.show\/index.php\/wp-json\/wp\/v2\/pages"}],"about":[{"href":"https:\/\/devandops.show\/index.php\/wp-json\/wp\/v2\/types\/page"}],"author":[{"embeddable":true,"href":"https:\/\/devandops.show\/index.php\/wp-json\/wp\/v2\/users\/1"}],"replies":[{"embeddable":true,"href":"https:\/\/devandops.show\/index.php\/wp-json\/wp\/v2\/comments?post=53"}],"version-history":[{"count":6,"href":"https:\/\/devandops.show\/index.php\/wp-json\/wp\/v2\/pages\/53\/revisions"}],"predecessor-version":[{"id":140,"href":"https:\/\/devandops.show\/index.php\/wp-json\/wp\/v2\/pages\/53\/revisions\/140"}],"wp:featuredmedia":[{"embeddable":true,"href":"https:\/\/devandops.show\/index.php\/wp-json\/wp\/v2\/media\/54"}],"wp:attachment":[{"href":"https:\/\/devandops.show\/index.php\/wp-json\/wp\/v2\/media?parent=53"}],"curies":[{"name":"wp","href":"https:\/\/api.w.org\/{rel}","templated":true}]}}